{"id":10249,"date":"2021-08-30T13:49:50","date_gmt":"2021-08-30T11:49:50","guid":{"rendered":"https:\/\/unerhoert.net\/?page_id=10249"},"modified":"2021-08-30T14:00:20","modified_gmt":"2021-08-30T12:00:20","slug":"impressum","status":"publish","type":"page","link":"https:\/\/unerhoert.net\/?page_id=10249","title":{"rendered":"Impressum"},"content":{"rendered":"\t\t<div data-elementor-type=\"wp-page\" data-elementor-id=\"10249\" class=\"elementor elementor-10249\" data-elementor-settings=\"[]\">\n\t\t\t\t\t\t<div class=\"elementor-inner\">\n\t\t\t\t\t\t\t<div class=\"elementor-section-wrap\">\n\t\t\t\t\t\t\t<section class=\"elementor-section elementor-top-section elementor-element elementor-element-2ffe5485 elementor-section-boxed elementor-section-height-default elementor-section-height-default\" data-id=\"2ffe5485\" data-element_type=\"section\">\n\t\t\t\t\t\t<div class=\"elementor-container elementor-column-gap-default\">\n\t\t\t\t\t\t\t<div class=\"elementor-row\">\n\t\t\t\t\t<div class=\"elementor-column elementor-col-100 elementor-top-column elementor-element elementor-element-21c721a6\" data-id=\"21c721a6\" data-element_type=\"column\">\n\t\t\t<div class=\"elementor-column-wrap elementor-element-populated\">\n\t\t\t\t\t\t\t<div class=\"elementor-widget-wrap\">\n\t\t\t\t\t\t<div class=\"elementor-element elementor-element-e662762 elementor-widget elementor-widget-heading\" data-id=\"e662762\" data-element_type=\"widget\" data-widget_type=\"heading.default\">\n\t\t\t\t<div class=\"elementor-widget-container\">\n\t\t\t<h1 class=\"elementor-heading-title elementor-size-default\">Impressum<\/h1>\t\t<\/div>\n\t\t\t\t<\/div>\n\t\t\t\t<div class=\"elementor-element elementor-element-4693efac elementor-widget elementor-widget-text-editor\" data-id=\"4693efac\" data-element_type=\"widget\" data-widget_type=\"text-editor.default\">\n\t\t\t\t<div class=\"elementor-widget-container\">\n\t\t\t\t\t\t\t\t<div class=\"elementor-text-editor elementor-clearfix\">\n\t\t\t\t<p><!-- wp:paragraph --><\/p>\n<p><span style=\"color: var( --e-global-color-text ); font-family: var( --e-global-typography-text-font-family ), Sans-serif; font-weight: var( --e-global-typography-text-font-weight );\">unerh\u00f6rt &#8211; Verein f\u00fcr Neue Musik e.V.<br><\/span><span style=\"color: var( --e-global-color-text ); font-family: var( --e-global-typography-text-font-family ), Sans-serif; font-weight: var( --e-global-typography-text-font-weight );\">Morgensternstra\u00dfe 6<br><\/span><span style=\"font-family: var( --e-global-typography-text-font-family ), Sans-serif; font-weight: var( --e-global-typography-text-font-weight );\"><font color=\"rgba(0, 0, 0, 0)\">27580 Bremerhaven<\/font><\/span><\/p><p><a href=\"mailto:info@unerhoert.net\" style=\"font-family: var( --e-global-typography-text-font-family ), Sans-serif; font-weight: var( --e-global-typography-text-font-weight ); background-color: rgb(255, 255, 255);\">info@unerhoert.net<\/a><br><span style=\"color: var( --e-global-color-text ); font-family: var( --e-global-typography-text-font-family ), Sans-serif; font-weight: var( --e-global-typography-text-font-weight );\">+49 176 62579873<\/span><\/p>\n<p><!-- \/wp:paragraph --><\/p>\t\t\t\t\t<\/div>\n\t\t\t\t\t\t<\/div>\n\t\t\t\t<\/div>\n\t\t\t\t\t\t<\/div>\n\t\t\t\t\t<\/div>\n\t\t<\/div>\n\t\t\t\t\t\t\t\t<\/div>\n\t\t\t\t\t<\/div>\n\t\t<\/section>\n\t\t\t\t\t\t<\/div>\n\t\t\t\t\t\t<\/div>\n\t\t\t\t\t<\/div>\n\t\t","protected":false},"excerpt":{"rendered":"<p>Impressum unerh\u00f6rt &#8211; Verein f\u00fcr Neue Musik e.V.Morgensternstra\u00dfe 627580 Bremerhaven info@unerhoert.net+49 176 62579873<\/p>\n","protected":false},"author":1,"featured_media":0,"parent":0,"menu_order":0,"comment_status":"closed","ping_status":"closed","template":"","meta":{"footnotes":""},"class_list":["post-10249","page","type-page","status-publish","hentry"],"_links":{"self":[{"href":"https:\/\/unerhoert.net\/index.php?rest_route=\/wp\/v2\/pages\/10249","targetHints":{"allow":["GET"]}}],"collection":[{"href":"https:\/\/unerhoert.net\/index.php?rest_route=\/wp\/v2\/pages"}],"about":[{"href":"https:\/\/unerhoert.net\/index.php?rest_route=\/wp\/v2\/types\/page"}],"author":[{"embeddable":true,"href":"https:\/\/unerhoert.net\/index.php?rest_route=\/wp\/v2\/users\/1"}],"replies":[{"embeddable":true,"href":"https:\/\/unerhoert.net\/index.php?rest_route=%2Fwp%2Fv2%2Fcomments&post=10249"}],"version-history":[{"count":10,"href":"https:\/\/unerhoert.net\/index.php?rest_route=\/wp\/v2\/pages\/10249\/revisions"}],"predecessor-version":[{"id":10261,"href":"https:\/\/unerhoert.net\/index.php?rest_route=\/wp\/v2\/pages\/10249\/revisions\/10261"}],"wp:attachment":[{"href":"https:\/\/unerhoert.net\/index.php?rest_route=%2Fwp%2Fv2%2Fmedia&parent=10249"}],"curies":[{"name":"wp","href":"https:\/\/api.w.org\/{rel}","templated":true}]}}