{"id":9732,"date":"2021-08-19T16:12:34","date_gmt":"2021-08-19T14:12:34","guid":{"rendered":"https:\/\/unerhoert.net\/?page_id=9732"},"modified":"2022-02-08T21:15:38","modified_gmt":"2022-02-08T20:15:38","slug":"futura","status":"publish","type":"page","link":"https:\/\/unerhoert.net\/?page_id=9732","title":{"rendered":"Futura"},"content":{"rendered":"\t\t<div data-elementor-type=\"wp-page\" data-elementor-id=\"9732\" class=\"elementor elementor-9732\" data-elementor-settings=\"[]\">\n\t\t\t\t\t\t<div class=\"elementor-inner\">\n\t\t\t\t\t\t\t<div class=\"elementor-section-wrap\">\n\t\t\t\t\t\t\t<section class=\"elementor-section elementor-top-section elementor-element elementor-element-73e7a75 elementor-section-boxed elementor-section-height-default elementor-section-height-default\" data-id=\"73e7a75\" data-element_type=\"section\">\n\t\t\t\t\t\t<div class=\"elementor-container elementor-column-gap-default\">\n\t\t\t\t\t\t\t<div class=\"elementor-row\">\n\t\t\t\t\t<div class=\"elementor-column elementor-col-100 elementor-top-column elementor-element elementor-element-38547ea\" data-id=\"38547ea\" data-element_type=\"column\">\n\t\t\t<div class=\"elementor-column-wrap elementor-element-populated\">\n\t\t\t\t\t\t\t<div class=\"elementor-widget-wrap\">\n\t\t\t\t\t\t<div class=\"elementor-element elementor-element-b250ffd elementor-widget elementor-widget-spacer\" data-id=\"b250ffd\" data-element_type=\"widget\" data-widget_type=\"spacer.default\">\n\t\t\t\t<div class=\"elementor-widget-container\">\n\t\t\t\t\t<div class=\"elementor-spacer\">\n\t\t\t<div class=\"elementor-spacer-inner\"><\/div>\n\t\t<\/div>\n\t\t\t\t<\/div>\n\t\t\t\t<\/div>\n\t\t\t\t\t\t<\/div>\n\t\t\t\t\t<\/div>\n\t\t<\/div>\n\t\t\t\t\t\t\t\t<\/div>\n\t\t\t\t\t<\/div>\n\t\t<\/section>\n\t\t\t\t<section class=\"elementor-section elementor-top-section elementor-element elementor-element-46c96e57 elementor-section-boxed elementor-section-height-default elementor-section-height-default\" data-id=\"46c96e57\" data-element_type=\"section\">\n\t\t\t\t\t\t<div class=\"elementor-container elementor-column-gap-default\">\n\t\t\t\t\t\t\t<div class=\"elementor-row\">\n\t\t\t\t\t<div class=\"elementor-column elementor-col-100 elementor-top-column elementor-element elementor-element-604f1a62\" data-id=\"604f1a62\" data-element_type=\"column\">\n\t\t\t<div class=\"elementor-column-wrap elementor-element-populated\">\n\t\t\t\t\t\t\t<div class=\"elementor-widget-wrap\">\n\t\t\t\t\t\t<section class=\"elementor-section elementor-inner-section elementor-element elementor-element-b8a3aa8 elementor-section-boxed elementor-section-height-default elementor-section-height-default\" data-id=\"b8a3aa8\" data-element_type=\"section\">\n\t\t\t\t\t\t<div class=\"elementor-container elementor-column-gap-default\">\n\t\t\t\t\t\t\t<div class=\"elementor-row\">\n\t\t\t\t\t<div class=\"elementor-column elementor-col-50 elementor-inner-column elementor-element elementor-element-210e022\" data-id=\"210e022\" data-element_type=\"column\">\n\t\t\t<div class=\"elementor-column-wrap elementor-element-populated\">\n\t\t\t\t\t\t\t<div class=\"elementor-widget-wrap\">\n\t\t\t\t\t\t<div class=\"elementor-element elementor-element-7a419851 elementor-widget elementor-widget-heading\" data-id=\"7a419851\" data-element_type=\"widget\" data-widget_type=\"heading.default\">\n\t\t\t\t<div class=\"elementor-widget-container\">\n\t\t\t<h2 class=\"elementor-heading-title elementor-size-default\">Konferenz der Systeme<br><br><br><br><br><br><br><br><br><br><\/h2>\t\t<\/div>\n\t\t\t\t<\/div>\n\t\t\t\t\t\t<\/div>\n\t\t\t\t\t<\/div>\n\t\t<\/div>\n\t\t\t\t<div class=\"elementor-column elementor-col-50 elementor-inner-column elementor-element elementor-element-3499e16b\" data-id=\"3499e16b\" data-element_type=\"column\">\n\t\t\t<div class=\"elementor-column-wrap elementor-element-populated\">\n\t\t\t\t\t\t\t<div class=\"elementor-widget-wrap\">\n\t\t\t\t\t\t<div class=\"elementor-element elementor-element-1da60978 elementor-widget elementor-widget-text-editor\" data-id=\"1da60978\" data-element_type=\"widget\" data-widget_type=\"text-editor.default\">\n\t\t\t\t<div class=\"elementor-widget-container\">\n\t\t\t\t\t\t\t\t<div class=\"elementor-text-editor elementor-clearfix\">\n\t\t\t\t<p>Ein Projekt von <a href=\"https:\/\/jonashummel.de\/\">Jonas Hummel <\/a>und <a href=\"https:\/\/unerhoert.net\/jens-carstensen\/\">Jens Carstensen<\/a><\/p>\n<p>geplant f\u00fcr Fr\u00fchjahr 2022<\/p>\n<p>mit (angefragt):<\/p>\n<p><\/p>\n<p><span style=\"font-family: Arial, sans-serif;\"><span style=\"font-size: small;\">Tina Tonagel (K\u00f6ln) &#8211; https:\/\/tinatonagel.de<br>Ralf Schreiber (K\u00f6ln) &#8211; http:\/\/ralfschreiber.com<br>Hannes Hoelzl (Berlin) &#8211; http:\/\/www.earweego.net\/ <br>Niko LFO (Berlin) &#8211; https:\/\/nikolfo.com\/ <br>Lukas Truniger (Lille, F) &#8211; http:\/\/lukastruniger.net\/ <br>Tim Shaw (Newcastle, UK) &#8211; https:\/\/tim-shaw.net\/ <br><\/span><\/span><span style=\"font-family: Arial, sans-serif;\"><span style=\"font-size: small;\">Echo Ho (Bejing, K\u00f6ln) \u2013 https:\/\/goechospace.com\/<\/span><\/span><\/p>\t\t\t\t\t<\/div>\n\t\t\t\t\t\t<\/div>\n\t\t\t\t<\/div>\n\t\t\t\t\t\t<\/div>\n\t\t\t\t\t<\/div>\n\t\t<\/div>\n\t\t\t\t\t\t\t\t<\/div>\n\t\t\t\t\t<\/div>\n\t\t<\/section>\n\t\t\t\t<section class=\"elementor-section elementor-inner-section elementor-element elementor-element-3eab4d33 elementor-section-boxed elementor-section-height-default elementor-section-height-default\" data-id=\"3eab4d33\" data-element_type=\"section\">\n\t\t\t\t\t\t<div class=\"elementor-container elementor-column-gap-default\">\n\t\t\t\t\t\t\t<div class=\"elementor-row\">\n\t\t\t\t\t<div class=\"elementor-column elementor-col-50 elementor-inner-column elementor-element elementor-element-285638c7\" data-id=\"285638c7\" data-element_type=\"column\">\n\t\t\t<div class=\"elementor-column-wrap elementor-element-populated\">\n\t\t\t\t\t\t\t<div class=\"elementor-widget-wrap\">\n\t\t\t\t\t\t<div class=\"elementor-element elementor-element-70e3ceca elementor-widget elementor-widget-text-editor\" data-id=\"70e3ceca\" data-element_type=\"widget\" data-widget_type=\"text-editor.default\">\n\t\t\t\t<div class=\"elementor-widget-container\">\n\t\t\t\t\t\t\t\t<div class=\"elementor-text-editor elementor-clearfix\">\n\t\t\t\t<p>&#8222;Konferenz der Systeme&#8220; ist geplant als eine begehbare Installation und Klangperformance z.B. in leerstehenden innerst\u00e4dtischen Kaufh\u00e4usern, alten ausgedienten Industriehallen oder \u00e4hnlichem mit ihrer jeweils spezifischen Infrastruktur. Diese Orte entwickeln nun im beginnenden Zeitalter der vernetzten Dinge ein Eigenleben.<\/p><p>In der Tradition von John Cage und David Tudor installieren wir Klangobjekte im Raum, nutzen von Tonfunkensender bis \u00dcberwachungssystem Schaltkreise, um elektrische Signale sichtbar und elektromagnetische Felder h\u00f6rbar zu machen.<\/p><p>Im Sinne der Politik der Spektren geht es bei der Konferenz der Systeme auch um die Kapitalisierung freundlichster Frequenzgemische in Abgrenzung zum sogenannten Unsound, dem Ger\u00e4usch. Ein Klang ist ein Klang ist ein Klang. Und sonst nichts! Oder?<\/p><p>Eine Antwort des Translokalen Rundfunkorchesters u.a.mit Jonas Hummel und\u00a0 Lukas Truninger<\/p>\t\t\t\t\t<\/div>\n\t\t\t\t\t\t<\/div>\n\t\t\t\t<\/div>\n\t\t\t\t\t\t<\/div>\n\t\t\t\t\t<\/div>\n\t\t<\/div>\n\t\t\t\t<div class=\"elementor-column elementor-col-50 elementor-inner-column elementor-element elementor-element-4d759c2\" data-id=\"4d759c2\" data-element_type=\"column\">\n\t\t\t<div class=\"elementor-column-wrap elementor-element-populated\">\n\t\t\t\t\t\t\t<div class=\"elementor-widget-wrap\">\n\t\t\t\t\t\t<div class=\"elementor-element elementor-element-26ea6bc4 elementor-aspect-ratio-169 elementor-widget elementor-widget-video\" data-id=\"26ea6bc4\" data-element_type=\"widget\" data-settings=\"{&quot;youtube_url&quot;:&quot;https:\\\/\\\/youtu.be\\\/fxAHcKLSQqY&quot;,&quot;video_type&quot;:&quot;youtube&quot;,&quot;controls&quot;:&quot;yes&quot;,&quot;aspect_ratio&quot;:&quot;169&quot;}\" data-widget_type=\"video.default\">\n\t\t\t\t<div class=\"elementor-widget-container\">\n\t\t\t\t\t<div class=\"elementor-wrapper elementor-fit-aspect-ratio elementor-open-inline\">\n\t\t\t<div class=\"elementor-video\"><\/div>\t\t<\/div>\n\t\t\t\t<\/div>\n\t\t\t\t<\/div>\n\t\t\t\t\t\t<\/div>\n\t\t\t\t\t<\/div>\n\t\t<\/div>\n\t\t\t\t\t\t\t\t<\/div>\n\t\t\t\t\t<\/div>\n\t\t<\/section>\n\t\t\t\t\t\t<\/div>\n\t\t\t\t\t<\/div>\n\t\t<\/div>\n\t\t\t\t\t\t\t\t<\/div>\n\t\t\t\t\t<\/div>\n\t\t<\/section>\n\t\t\t\t\t\t<\/div>\n\t\t\t\t\t\t<\/div>\n\t\t\t\t\t<\/div>\n\t\t","protected":false},"excerpt":{"rendered":"<p>Konferenz der Systeme Ein Projekt von Jonas Hummel und Jens Carstensen geplant f\u00fcr Fr\u00fchjahr 2022 mit (angefragt): Tina Tonagel (K\u00f6ln) &#8211; https:\/\/tinatonagel.deRalf Schreiber (K\u00f6ln) &#8211; http:\/\/ralfschreiber.comHannes Hoelzl (Berlin) &#8211; http:\/\/www.earweego.net\/ Niko LFO (Berlin) &#8211; https:\/\/nikolfo.com\/ Lukas Truniger (Lille, F) &#8211; http:\/\/lukastruniger.net\/ Tim Shaw (Newcastle, UK) &#8211; https:\/\/tim-shaw.net\/ Echo Ho (Bejing, K\u00f6ln) \u2013 https:\/\/goechospace.com\/ &#8222;Konferenz der [&hellip;]<\/p>\n","protected":false},"author":2,"featured_media":0,"parent":0,"menu_order":0,"comment_status":"closed","ping_status":"closed","template":"elementor_header_footer","meta":{"footnotes":""},"class_list":["post-9732","page","type-page","status-publish","hentry"],"_links":{"self":[{"href":"https:\/\/unerhoert.net\/index.php?rest_route=\/wp\/v2\/pages\/9732","targetHints":{"allow":["GET"]}}],"collection":[{"href":"https:\/\/unerhoert.net\/index.php?rest_route=\/wp\/v2\/pages"}],"about":[{"href":"https:\/\/unerhoert.net\/index.php?rest_route=\/wp\/v2\/types\/page"}],"author":[{"embeddable":true,"href":"https:\/\/unerhoert.net\/index.php?rest_route=\/wp\/v2\/users\/2"}],"replies":[{"embeddable":true,"href":"https:\/\/unerhoert.net\/index.php?rest_route=%2Fwp%2Fv2%2Fcomments&post=9732"}],"version-history":[{"count":124,"href":"https:\/\/unerhoert.net\/index.php?rest_route=\/wp\/v2\/pages\/9732\/revisions"}],"predecessor-version":[{"id":11024,"href":"https:\/\/unerhoert.net\/index.php?rest_route=\/wp\/v2\/pages\/9732\/revisions\/11024"}],"wp:attachment":[{"href":"https:\/\/unerhoert.net\/index.php?rest_route=%2Fwp%2Fv2%2Fmedia&parent=9732"}],"curies":[{"name":"wp","href":"https:\/\/api.w.org\/{rel}","templated":true}]}}